{"id":8,"date":"2025-06-20T15:09:12","date_gmt":"2025-06-20T18:09:12","guid":{"rendered":"http:\/\/psicologoomarmachado.com.br\/index.php\/peregrine\/"},"modified":"2025-07-28T15:54:32","modified_gmt":"2025-07-28T18:54:32","slug":"peregrine","status":"publish","type":"page","link":"https:\/\/psicologoomarmachado.com.br\/","title":{"rendered":"Front Page"},"content":{"rendered":"<div data-colibri-id=\"8-c1\" class=\"style-186 style-local-8-c1 position-relative\">\n  <!---->\n  <div data-colibri-component=\"section\" data-colibri-id=\"8-c2\" id=\"about\" class=\"h-section h-section-global-spacing d-flex align-items-lg-center align-items-md-center align-items-center style-187 style-local-8-c2 position-relative\">\n    <!---->\n    <!---->\n    <div class=\"h-section-grid-container h-section-boxed-container\">\n      <!---->\n      <div data-colibri-id=\"8-c3\" class=\"h-row-container gutters-row-lg-0 gutters-row-md-0 gutters-row-0 gutters-row-v-lg-0 gutters-row-v-md-0 gutters-row-v-0 style-188 style-local-8-c3 position-relative\">\n        <!---->\n        <div class=\"h-row justify-content-lg-center justify-content-md-center justify-content-center align-items-lg-stretch align-items-md-stretch align-items-stretch gutters-col-lg-0 gutters-col-md-0 gutters-col-0 gutters-col-v-lg-0 gutters-col-v-md-0 gutters-col-v-0\">\n          <!---->\n          <div class=\"h-column h-column-container d-flex h-col-lg-auto h-col-md-auto h-col-auto style-189-outer style-local-8-c4-outer\">\n            <div data-colibri-id=\"8-c4\" class=\"d-flex h-flex-basis h-column__inner h-px-lg-0 h-px-md-0 h-px-0 v-inner-lg-0 v-inner-md-0 v-inner-0 style-189 style-local-8-c4 position-relative\">\n              <!---->\n              <!---->\n              <div class=\"w-100 h-y-container h-column__content h-column__v-align flex-basis-100 align-self-lg-start align-self-md-start align-self-start\">\n                <!---->\n                <div data-colibri-id=\"8-c5\" class=\"h-global-transition-all h-heading style-190 style-local-8-c5 position-relative h-element\">\n                  <!---->\n                  <div class=\"h-heading__outer style-190 style-local-8-c5\">\n                    <!---->\n                    <!---->\n                    <h5 class=\"\">Sou Psic\u00f3logo Cl\u00ednico Omar Machado\n                      <br> CRP: 08\/41017<\/h5>\n                  <\/div>\n                <\/div>\n                <div data-colibri-id=\"8-c6\" class=\"h-lead h-text h-text-component style-192 style-local-8-c6 position-relative h-element\">\n                  <!---->\n                  <!---->\n                  <div class=\"\">\n                    <p>Minhas Forma\u00e7\u00f5es:<\/p>\n                    <p>\u00b7&nbsp;&nbsp;&nbsp;&nbsp;&nbsp;&nbsp;&nbsp;Forma\u00e7\u00e3o em Psicologia pelo Centro Universit\u00e1rio Assiz Gurgacz FAG, Cascavel pr.<\/p>\n                    <p>\u00b7&nbsp;&nbsp;&nbsp;&nbsp;&nbsp;&nbsp;&nbsp;Forma\u00e7\u00e3o em Terapia Cognitivo-Comportamental TCC, pelo Grupo Wainer de Psicologia.<\/p>\n                    <p>\u00b7&nbsp;&nbsp;&nbsp;&nbsp;&nbsp;&nbsp;&nbsp;Forma\u00e7\u00e3o em Psicopatologia Cl\u00ednica, pelo Grupo Wainer de Psicologia.<\/p>\n                    <p>\u00b7&nbsp;&nbsp;&nbsp;&nbsp;&nbsp;&nbsp;&nbsp;Forma\u00e7\u00e3o em Terapia do Esquema TE, pelo Grupo Wainer de psicologia. Com credenciamento pela ISST, International Society of&nbsp;Schema&nbsp;Therapy USA.<\/p>\n                    <p>\u00b7&nbsp;&nbsp;&nbsp;&nbsp;&nbsp;&nbsp;&nbsp;Emers\u00e3o em Terapia do Esquema TE, pelo Grupo Wainer de Psicologia.<\/p>\n                    <p>\u00b7&nbsp;&nbsp;&nbsp;&nbsp;&nbsp;&nbsp;&nbsp;Especializa\u00e7\u00e3o em Terapia Comportamentais Contextuais: <\/p>\n                    <p>ACT (Terapia Aceita\u00e7\u00e3o e Compromisso). <em>(em andamento)<\/em><\/p>\n                    <p>DBT (Terapia Comportamental Dial\u00e9tica). <em>(em andamento)<\/em><\/p>\n                    <p>TFC (Terapia Focada na Compaix\u00e3o. <em>(em andamento).<\/em> <\/p>\n                    <p>Ambas pelo Grupo Wainer de Psicologia. <\/p>\n                  <\/div>\n                <\/div>\n              <\/div>\n            <\/div>\n          <\/div>\n          <div class=\"h-column h-column-container d-flex h-col-lg-auto h-col-md-auto h-col-auto style-193-outer style-local-8-c7-outer\">\n            <div data-colibri-id=\"8-c7\" class=\"d-flex h-flex-basis h-column__inner h-ui-empty-state-container h-px-lg-2 h-px-md-2 h-px-2 v-inner-lg-2 v-inner-md-2 v-inner-2 style-193 style-local-8-c7 position-relative\">\n              <!---->\n              <!---->\n              <div class=\"w-100 h-y-container h-column__content h-column__v-align flex-basis-100\">\n                <!---->\n              <\/div>\n            <\/div>\n          <\/div>\n        <\/div>\n      <\/div>\n    <\/div>\n  <\/div>\n  <div data-colibri-component=\"section\" data-colibri-id=\"8-c8\" id=\"content\" class=\"h-section h-section-global-spacing d-flex align-items-lg-center align-items-md-center align-items-center style-206 style-local-8-c8 position-relative\">\n    <!---->\n    <!---->\n    <div class=\"h-section-grid-container h-section-boxed-container\">\n      <!---->\n      <div data-colibri-id=\"8-c9\" class=\"h-row-container gutters-row-lg-2 gutters-row-md-2 gutters-row-2 gutters-row-v-lg-2 gutters-row-v-md-2 gutters-row-v-2 style-207 style-local-8-c9 position-relative\">\n        <!---->\n        <div class=\"h-row justify-content-lg-center justify-content-md-center justify-content-center align-items-lg-stretch align-items-md-stretch align-items-stretch gutters-col-lg-2 gutters-col-md-2 gutters-col-2 gutters-col-v-lg-2 gutters-col-v-md-2 gutters-col-v-2\">\n          <!---->\n          <div class=\"h-column h-column-container d-flex h-col-lg-auto h-col-md-auto h-col-auto style-210-outer style-local-8-c10-outer\">\n            <div data-colibri-id=\"8-c10\" class=\"d-flex h-flex-basis h-column__inner h-px-lg-2 h-px-md-2 h-px-2 v-inner-lg-2 v-inner-md-2 v-inner-2 style-210 style-local-8-c10 position-relative\">\n              <!---->\n              <!---->\n              <div class=\"w-100 h-y-container h-column__content h-column__v-align flex-basis-100 align-self-lg-center align-self-md-center align-self-center\">\n                <!---->\n                <div data-colibri-id=\"8-c11\" class=\"h-global-transition-all h-heading style-211 style-local-8-c11 position-relative h-element\">\n                  <!---->\n                  <div class=\"h-heading__outer style-211 style-local-8-c11\">\n                    <!---->\n                    <!---->\n                    <h2 class=\"\">Psicologia &#8230;.<\/h2>\n                  <\/div>\n                <\/div>\n                <div data-colibri-id=\"8-c12\" class=\"h-lead h-text h-text-component style-212 style-local-8-c12 position-relative h-element\">\n                  <!---->\n                  <!---->\n                  <div class=\"\">\n                    <p>A Psicologia foi vista no in\u00edcio do s\u00e9c. XX, como um ramo da filosofia, uma ci\u00eancia que estuda especialmente a alma. Definida como \u201cprinc\u00edpio do pensamento\u201d. O que trata afinal a Psicologia? Antes dito, a psicologia \u00e9 o estudo cient\u00edfico\n                      do comportamento e da organiza\u00e7\u00e3o da mente. De como o indiv\u00edduo se organiza, representa e se manifesta em suas viv\u00eancias, e, assim como tais viv\u00eancias afetam sua maneira de pensar, agir e sentir. Sua principal fun\u00e7\u00e3o \u00e9 compreender\n                      o comportamento do indiv\u00edduo e os seus processos mentais. Levar as pessoas a perceberem, interpretarem e responderem aos est\u00edmulos ambientais. O psic\u00f3logo atrav\u00e9s de abordagens e t\u00e9cnicas, embasado em fundamentos \u00e9ticos e cient\u00edficos,\n                      promovem uma qualidade mental, emocional e cognitiva aos seus pacientes.<\/p>\n                  <\/div>\n                <\/div>\n              <\/div>\n            <\/div>\n          <\/div>\n        <\/div>\n      <\/div>\n    <\/div>\n  <\/div>\n  <div data-colibri-component=\"section\" data-colibri-id=\"8-c17\" id=\"custom\" class=\"h-section h-section-global-spacing d-flex align-items-lg-center align-items-md-center align-items-center style-332 style-local-8-c17 position-relative\">\n    <!---->\n    <!---->\n    <div class=\"h-section-grid-container h-section-boxed-container\">\n      <!---->\n      <div data-colibri-id=\"8-c18\" class=\"h-row-container gutters-row-lg-2 gutters-row-md-2 gutters-row-0 gutters-row-v-lg-2 gutters-row-v-md-2 gutters-row-v-2 style-333 style-local-8-c18 position-relative\">\n        <!---->\n        <div class=\"h-row justify-content-lg-center justify-content-md-center justify-content-center align-items-lg-stretch align-items-md-stretch align-items-stretch gutters-col-lg-2 gutters-col-md-2 gutters-col-0 gutters-col-v-lg-2 gutters-col-v-md-2 gutters-col-v-2\">\n          <!---->\n          <div class=\"h-column h-column-container d-flex h-col-lg-auto h-col-md-auto h-col-auto style-334-outer style-local-8-c19-outer\">\n            <div data-colibri-id=\"8-c19\" class=\"d-flex h-flex-basis h-column__inner h-px-lg-2 h-px-md-2 h-px-2 v-inner-lg-2 v-inner-md-2 v-inner-2 style-334 style-local-8-c19 position-relative\">\n              <!---->\n              <!---->\n              <div class=\"w-100 h-y-container h-column__content h-column__v-align flex-basis-100 align-self-lg-start align-self-md-start align-self-start\">\n                <!---->\n                <div data-colibri-id=\"8-c20\" class=\"h-global-transition-all h-heading style-338 style-local-8-c20 position-relative h-element\">\n                  <!---->\n                  <div class=\"h-heading__outer style-338 style-local-8-c20\">\n                    <!---->\n                    <!---->\n                    <h2 class=\"\">Doen\u00e7as Psicol\u00f3gicas<\/h2>\n                  <\/div>\n                <\/div>\n                <div data-colibri-id=\"8-c21\" class=\"h-text h-text-component style-339 style-local-8-c21 position-relative h-element\">\n                  <!---->\n                  <!---->\n                  <div class=\"\">\n                    <p><span style=\"font-weight: 400; font-size: 12px; font-family: Verdana, Arial, Helvetica, sans-serif; color: rgb(0, 0, 0);\">\u2022<\/span>Transtornos Depressivos<\/p>\n                    <p><span style=\"font-weight: 400; font-size: 12px; font-family: Verdana, Arial, Helvetica, sans-serif; color: rgb(0, 0, 0);\">\u2022<\/span>Transtornos de Ansiedade<\/p>\n                    <p><span style=\"font-weight: 400; font-size: 12px; font-family: Verdana, Arial, Helvetica, sans-serif; color: rgb(0, 0, 0);\">\u2022<\/span>Transtorno Bipolar e Transtornos Relacionados<\/p>\n                    <p><span style=\"font-weight: 400; font-size: 12px; font-family: Verdana, Arial, Helvetica, sans-serif; color: rgb(0, 0, 0);\">\u2022<\/span>Transtornos Espectro da Esquizofrenia e outros Transtornos Psic\u00f3ticos<\/p>\n                    <p><span style=\"font-weight: 400; font-size: 12px; font-family: Verdana, Arial, Helvetica, sans-serif; color: rgb(0, 0, 0);\">\u2022<\/span>Narcisismo<\/p>\n                    <p><span style=\"font-weight: 400; font-size: 12px; font-family: Verdana, Arial, Helvetica, sans-serif; color: rgb(0, 0, 0);\">\u2022<\/span>TOC e TPOC e TOD<\/p>\n                    <p><span style=\"font-weight: 400; font-size: 12px; font-family: Verdana, Arial, Helvetica, sans-serif; color: rgb(0, 0, 0);\">\u2022<\/span>Transtorno de Ansiedade Social<\/p>\n                    <p><span style=\"font-weight: 400; font-size: 12px; font-family: Verdana, Arial, Helvetica, sans-serif; color: rgb(0, 0, 0);\">\u2022<\/span>Antissocial, P\u00e2nico<\/p>\n                    <p><span style=\"font-weight: 400; font-size: 12px; font-family: Verdana, Arial, Helvetica, sans-serif; color: rgb(0, 0, 0);\">\u2022<\/span>Transtorno Borderline<\/p>\n                    <p><span style=\"font-weight: 400; font-size: 12px; font-family: Verdana, Arial, Helvetica, sans-serif; color: rgb(0, 0, 0);\">\u2022<\/span>TDAH<\/p>\n                    <p><span style=\"font-weight: 400; font-size: 12px; font-family: Verdana, Arial, Helvetica, sans-serif; color: rgb(0, 0, 0);\">\u2022<\/span>Transtorno Ansiedade Generalizada ou Relacionadas ao Medo<\/p>\n                    <p><span style=\"font-weight: 400; font-size: 12px; font-family: Verdana, Arial, Helvetica, sans-serif; color: rgb(0, 0, 0);\">\u2022<\/span>Transtorno de Estresse P\u00f3s-traum\u00e1tico (TEPT)<\/p>\n                    <p><span style=\"font-weight: 400; font-size: 12px; font-family: Verdana, Arial, Helvetica, sans-serif; color: rgb(0, 0, 0);\">\u2022<\/span>Transtorno de Luto Prolongado<\/p>\n                    <p><span style=\"font-weight: 400; font-size: 12px; font-family: Verdana, Arial, Helvetica, sans-serif; color: rgb(0, 0, 0);\">\u2022<\/span>Transtornos Alimentares<\/p>\n                    <p><span style=\"font-weight: 400; font-size: 12px; font-family: Verdana, Arial, Helvetica, sans-serif; color: rgb(0, 0, 0);\">\u2022<\/span>Transtornos Relacionados a subst\u00e2ncia e Transtornos Aditivos<\/p>\n                    <p><span style=\"font-weight: 400; font-size: 12px; font-family: Verdana, Arial, Helvetica, sans-serif; color: rgb(0, 0, 0);\">\u2022<\/span>Drogas e \u00c1lcool<\/p>\n                    <p><span style=\"font-weight: 400; font-size: 12px; font-family: Verdana, Arial, Helvetica, sans-serif; color: rgb(0, 0, 0);\">\u2022<\/span>Transtornos de Personalidade<\/p>\n                    <p><span style=\"font-weight: 400; font-size: 12px; font-family: Verdana, Arial, Helvetica, sans-serif; color: rgb(0, 0, 0);\">\u2022<\/span>Transtornos Neurocognitivos e de Neurodesenvolvimento<\/p>\n                    <p><span style=\"font-weight: 400; font-size: 12px; font-family: Verdana, Arial, Helvetica, sans-serif; color: rgb(0, 0, 0);\">\u2022<\/span>Transtornos Mentais, entre outros.<\/p>\n                  <\/div>\n                <\/div>\n              <\/div>\n            <\/div>\n          <\/div>\n          <div class=\"h-column h-column-container d-flex h-col-lg-auto h-col-md-auto h-col-auto style-336-outer style-local-8-c22-outer\">\n            <div data-colibri-id=\"8-c22\" class=\"d-flex h-flex-basis h-column__inner h-px-lg-2 h-px-md-2 h-px-2 v-inner-lg-2 v-inner-md-2 v-inner-2 style-336 style-local-8-c22 position-relative\">\n              <!---->\n              <!---->\n              <div class=\"w-100 h-y-container h-column__content h-column__v-align flex-basis-100 align-self-lg-start align-self-md-start align-self-start\">\n                <!---->\n                <div data-colibri-id=\"8-c23\" class=\"d-block style-340 style-local-8-c23 position-relative h-element\">\n                  <!---->\n                  <div class=\"h-image__frame-container-outer\">\n                    <div class=\"h-image__frame-container\">\n                      <!---->\n                      <!---->\n                      <img fetchpriority=\"high\" decoding=\"async\" width=\"1383\" height=\"2560\" src=\"http:\/\/psicologoomarmachado.com.br\/wp-content\/uploads\/2025\/06\/cropped-front-view-woman-therapy-scaled-1.jpg\" class=\"wp-image-112 style-340-image style-local-8-c23-image\" alt=\"\" srcset=\"https:\/\/psicologoomarmachado.com.br\/wp-content\/uploads\/2025\/06\/cropped-front-view-woman-therapy-scaled-1.jpg 1383w, https:\/\/psicologoomarmachado.com.br\/wp-content\/uploads\/2025\/06\/cropped-front-view-woman-therapy-scaled-1-162x300.jpg 162w, https:\/\/psicologoomarmachado.com.br\/wp-content\/uploads\/2025\/06\/cropped-front-view-woman-therapy-scaled-1-553x1024.jpg 553w, https:\/\/psicologoomarmachado.com.br\/wp-content\/uploads\/2025\/06\/cropped-front-view-woman-therapy-scaled-1-768x1422.jpg 768w, https:\/\/psicologoomarmachado.com.br\/wp-content\/uploads\/2025\/06\/cropped-front-view-woman-therapy-scaled-1-830x1536.jpg 830w, https:\/\/psicologoomarmachado.com.br\/wp-content\/uploads\/2025\/06\/cropped-front-view-woman-therapy-scaled-1-1106x2048.jpg 1106w\" sizes=\"(max-width: 1383px) 100vw, 1383px\" \/>\n                      <div class=\"h-image__frame h-hide-lg h-hide-md h-hide-sm style-340-frameImage style-local-8-c23-frameImage\"><\/div>\n                    <\/div>\n                  <\/div>\n                <\/div>\n              <\/div>\n            <\/div>\n          <\/div>\n        <\/div>\n      <\/div>\n      <div data-colibri-id=\"8-c24\" class=\"h-row-container gutters-row-lg-2 gutters-row-md-2 gutters-row-0 gutters-row-v-lg-2 gutters-row-v-md-2 gutters-row-v-2 style-343 style-local-8-c24 position-relative\">\n        <!---->\n        <div class=\"h-row justify-content-lg-center justify-content-md-center justify-content-center align-items-lg-stretch align-items-md-stretch align-items-stretch gutters-col-lg-2 gutters-col-md-2 gutters-col-0 gutters-col-v-lg-2 gutters-col-v-md-2 gutters-col-v-2\">\n          <!---->\n          <div class=\"h-column h-column-container d-flex h-col-lg-auto h-col-md-auto h-col-auto style-344-outer style-local-8-c25-outer\">\n            <div data-colibri-id=\"8-c25\" class=\"d-flex h-flex-basis h-column__inner h-ui-empty-state-container h-px-lg-2 h-px-md-2 h-px-2 v-inner-lg-2 v-inner-md-2 v-inner-2 style-344 style-local-8-c25 position-relative\">\n              <!---->\n              <!---->\n              <div class=\"w-100 h-y-container h-column__content h-column__v-align flex-basis-100\">\n                <!---->\n              <\/div>\n            <\/div>\n          <\/div>\n        <\/div>\n      <\/div>\n      <div data-colibri-id=\"8-c26\" class=\"h-row-container gutters-row-lg-2 gutters-row-md-2 gutters-row-0 gutters-row-v-lg-2 gutters-row-v-md-2 gutters-row-v-2 style-341 style-local-8-c26 position-relative\">\n        <!---->\n        <div class=\"h-row justify-content-lg-center justify-content-md-center justify-content-center align-items-lg-stretch align-items-md-stretch align-items-stretch gutters-col-lg-2 gutters-col-md-2 gutters-col-0 gutters-col-v-lg-2 gutters-col-v-md-2 gutters-col-v-2\">\n          <!---->\n          <div class=\"h-column h-column-container d-flex h-col-lg-auto h-col-md-auto h-col-auto style-342-outer style-local-8-c27-outer\">\n            <div data-colibri-id=\"8-c27\" class=\"d-flex h-flex-basis h-column__inner h-px-lg-2 h-px-md-2 h-px-2 v-inner-lg-2 v-inner-md-2 v-inner-2 style-342 style-local-8-c27 position-relative\">\n              <!---->\n              <!---->\n              <div class=\"w-100 h-y-container h-column__content h-column__v-align flex-basis-100 align-self-lg-start align-self-md-start align-self-start\">\n                <!---->\n                <div data-colibri-id=\"8-c28\" class=\"h-global-transition-all h-heading style-345 style-local-8-c28 position-relative h-element\">\n                  <!---->\n                  <div class=\"h-heading__outer style-345 style-local-8-c28\">\n                    <!---->\n                    <!---->\n                    <h2 class=\"\">Entre em contato!<\/h2>\n                  <\/div>\n                <\/div>\n                <div data-colibri-id=\"8-c29\" class=\"h-text h-text-component style-346 style-local-8-c29 position-relative h-element\">\n                  <!---->\n                  <!---->\n                  <div class=\"\">\n                    <p><em>Endere\u00e7o: <\/em><\/p>\n                    <p>Rua Jacarand\u00e1 783 esquina com Av: das Torres sala 02 Bairro Parque Verde.<\/p>\n                    <p>\n                      <br>\n                    <\/p>\n                    <p>Celular e Whatsapp: (45)- 99915-9179<\/p>\n                    <p>Email:\n                      <a href=\"mailto:psicllinicaapatheia.omar10@gmail.com\">psicllinicaapatheia.omar10@gmail.com<\/a>\n                    <\/p>\n                    <p>Instagram: @clinicaapatheia<\/p>\n                    <p>\n                      <br>\n                    <\/p>\n                    <p><em>Atendimentos:<\/em><\/p>\n                    <p>Seg a Sex&nbsp; &nbsp; &nbsp; &nbsp; &nbsp; 08h:30&nbsp;&nbsp;as&nbsp;&nbsp;19h:30<\/p>\n                    <p>S\u00e1bados&nbsp; &nbsp; &nbsp; &nbsp; &nbsp; &nbsp; 08h:30&nbsp;&nbsp;as&nbsp;&nbsp;12h:00<\/p>\n                    <p>Domingos&nbsp; &nbsp; Fechado<\/p>\n                  <\/div>\n                <\/div>\n              <\/div>\n            <\/div>\n          <\/div>\n        <\/div>\n      <\/div>\n    <\/div>\n  <\/div>\n  <div data-colibri-component=\"section\" data-colibri-id=\"8-c30\" id=\"custom-2\" class=\"h-section h-section-global-spacing d-flex align-items-lg-center align-items-md-center align-items-center style-364 style-local-8-c30 position-relative\">\n    <!---->\n    <!---->\n    <div class=\"h-section-grid-container h-section-boxed-container\">\n      <!---->\n      <div data-colibri-id=\"8-c31\" class=\"h-row-container gutters-row-lg-2 gutters-row-md-2 gutters-row-0 gutters-row-v-lg-2 gutters-row-v-md-2 gutters-row-v-2 style-367 style-local-8-c31 position-relative\">\n        <!---->\n        <div class=\"h-row justify-content-lg-center justify-content-md-center justify-content-center align-items-lg-stretch align-items-md-stretch align-items-stretch gutters-col-lg-2 gutters-col-md-2 gutters-col-0 gutters-col-v-lg-2 gutters-col-v-md-2 gutters-col-v-2\">\n          <!---->\n          <div class=\"h-column h-column-container d-flex h-col-lg-auto h-col-md-auto h-col-auto style-368-outer style-local-8-c32-outer\">\n            <div data-colibri-id=\"8-c32\" class=\"d-flex h-flex-basis h-column__inner h-px-lg-2 h-px-md-2 h-px-2 v-inner-lg-2 v-inner-md-2 v-inner-2 style-368 style-local-8-c32 position-relative\">\n              <!---->\n              <!---->\n              <div class=\"w-100 h-y-container h-column__content h-column__v-align flex-basis-100 align-self-lg-start align-self-md-start align-self-start\">\n                <!---->\n                <div data-colibri-id=\"8-c33\" class=\"h-text h-text-component style-369 style-local-8-c33 position-relative h-element\">\n                  <!---->\n                  <!---->\n                  <div class=\"\">\n                    <p><span style=\"font-weight: 400; font-size: 12px; font-family: Verdana, sans-serif; color: rgb(168, 168, 168);\">Copyright \u00a9 2025 &#8211;  |  TODOS OS DIREITOS RESERVADOS.<\/span><\/p>\n                  <\/div>\n                <\/div>\n              <\/div>\n            <\/div>\n          <\/div>\n        <\/div>\n      <\/div>\n    <\/div>\n  <\/div>\n<\/div>","protected":false},"excerpt":{"rendered":"<p>Sou Psic\u00f3logo Cl\u00ednico Omar Machado CRP: 08\/41017 Minhas Forma\u00e7\u00f5es: \u00b7&nbsp;&nbsp;&nbsp;&nbsp;&nbsp;&nbsp;&nbsp;Forma\u00e7\u00e3o em Psicologia pelo [&hellip;]<\/p>\n","protected":false},"author":1,"featured_media":0,"parent":0,"menu_order":0,"comment_status":"closed","ping_status":"closed","template":"","meta":{"footnotes":""},"class_list":["post-8","page","type-page","status-publish","hentry"],"_links":{"self":[{"href":"https:\/\/psicologoomarmachado.com.br\/index.php\/wp-json\/wp\/v2\/pages\/8","targetHints":{"allow":["GET"]}}],"collection":[{"href":"https:\/\/psicologoomarmachado.com.br\/index.php\/wp-json\/wp\/v2\/pages"}],"about":[{"href":"https:\/\/psicologoomarmachado.com.br\/index.php\/wp-json\/wp\/v2\/types\/page"}],"author":[{"embeddable":true,"href":"https:\/\/psicologoomarmachado.com.br\/index.php\/wp-json\/wp\/v2\/users\/1"}],"replies":[{"embeddable":true,"href":"https:\/\/psicologoomarmachado.com.br\/index.php\/wp-json\/wp\/v2\/comments?post=8"}],"version-history":[{"count":8,"href":"https:\/\/psicologoomarmachado.com.br\/index.php\/wp-json\/wp\/v2\/pages\/8\/revisions"}],"predecessor-version":[{"id":157,"href":"https:\/\/psicologoomarmachado.com.br\/index.php\/wp-json\/wp\/v2\/pages\/8\/revisions\/157"}],"wp:attachment":[{"href":"https:\/\/psicologoomarmachado.com.br\/index.php\/wp-json\/wp\/v2\/media?parent=8"}],"curies":[{"name":"wp","href":"https:\/\/api.w.org\/{rel}","templated":true}]}}